{"id":16,"date":"2025-02-01T10:18:46","date_gmt":"2025-02-01T13:18:46","guid":{"rendered":"http:\/\/localhost\/admclyn\/?page_id=16"},"modified":"2025-02-16T18:01:33","modified_gmt":"2025-02-16T21:01:33","slug":"quem-somos","status":"publish","type":"page","link":"https:\/\/www.admclyn.com.br\/?page_id=16","title":{"rendered":"QUEM SOMOS"},"content":{"rendered":"\t\t<div data-elementor-type=\"wp-page\" data-elementor-id=\"16\" class=\"elementor elementor-16\">\n\t\t\t\t<div class=\"elementor-element elementor-element-43ed616 e-grid e-con-full e-con e-parent\" data-id=\"43ed616\" data-element_type=\"container\">\n\t\t<div class=\"elementor-element elementor-element-8b876d8 e-con-full e-flex e-con e-child\" data-id=\"8b876d8\" data-element_type=\"container\">\n\t\t\t\t<div class=\"elementor-element elementor-element-01d9bd9 elementor-invisible elementor-widget elementor-widget-heading\" data-id=\"01d9bd9\" data-element_type=\"widget\" data-settings=\"{&quot;_animation&quot;:&quot;fadeInRight&quot;,&quot;_animation_delay&quot;:5}\" data-widget_type=\"heading.default\">\n\t\t\t\t<div class=\"elementor-widget-container\">\n\t\t\t\t\t<h2 class=\"elementor-heading-title elementor-size-default\">O que \u00e9 a ADM Clyn?<\/h2>\t\t\t\t<\/div>\n\t\t\t\t<\/div>\n\t\t\t\t<div class=\"elementor-element elementor-element-c292ae9 elementor-invisible elementor-widget elementor-widget-text-editor\" data-id=\"c292ae9\" data-element_type=\"widget\" data-settings=\"{&quot;_animation&quot;:&quot;fadeInRight&quot;,&quot;_animation_delay&quot;:5}\" data-widget_type=\"text-editor.default\">\n\t\t\t\t<div class=\"elementor-widget-container\">\n\t\t\t\t\t\t\t\t\t<p><span style=\"white-space-collapse: preserve;\"> Somos uma equipe de profissionais altamente especializados, dedicados a transformar a gest\u00e3o em sa\u00fade. Com expertise em consultoria e assessoria, oferecemos solu\u00e7\u00f5es personalizadas para aprimorar a efici\u00eancia e a qualidade de cl\u00ednicas (de baixa, m\u00e9dia e alta complexidade), policl\u00ednicas, hospitais, consult\u00f3rios e diversos outros servi\u00e7os e modelos de unidades de sa\u00fade.<\/span><\/p>\t\t\t\t\t\t\t\t<\/div>\n\t\t\t\t<\/div>\n\t\t<div class=\"elementor-element elementor-element-f9f52c7 e-grid e-con-full e-con e-child\" data-id=\"f9f52c7\" data-element_type=\"container\">\n\t\t\t\t<\/div>\n\t\t\t\t<\/div>\n\t\t\t\t<div class=\"elementor-element elementor-element-9235cf5 elementor-invisible elementor-widget elementor-widget-image\" data-id=\"9235cf5\" data-element_type=\"widget\" data-settings=\"{&quot;_animation&quot;:&quot;fadeInLeft&quot;,&quot;_animation_delay&quot;:5}\" data-widget_type=\"image.default\">\n\t\t\t\t<div class=\"elementor-widget-container\">\n\t\t\t\t\t\t\t\t\t\t\t\t\t\t\t<img fetchpriority=\"high\" decoding=\"async\" width=\"1024\" height=\"681\" src=\"https:\/\/www.admclyn.com.br\/wp-content\/uploads\/2025\/02\/Group-3@2x.png\" class=\"attachment-large size-large wp-image-130\" alt=\"\" \/>\t\t\t\t\t\t\t\t\t\t\t\t\t\t\t<\/div>\n\t\t\t\t<\/div>\n\t\t\t\t<\/div>\n\t\t<div class=\"elementor-element elementor-element-b75a74f e-flex e-con-boxed e-con e-parent\" data-id=\"b75a74f\" data-element_type=\"container\" data-settings=\"{&quot;background_background&quot;:&quot;gradient&quot;}\">\n\t\t\t\t\t<div class=\"e-con-inner\">\n\t\t\t\t<div class=\"elementor-element elementor-element-71f7ebe elementor-invisible elementor-widget elementor-widget-html\" data-id=\"71f7ebe\" data-element_type=\"widget\" data-settings=\"{&quot;_animation&quot;:&quot;bounceIn&quot;}\" data-widget_type=\"html.default\">\n\t\t\t\t<div class=\"elementor-widget-container\">\n\t\t\t\t\t<!DOCTYPE html>\r\n<html lang=\"pt-BR\">\r\n<head>\r\n    <meta charset=\"UTF-8\">\r\n    <meta name=\"viewport\" content=\"width=device-width, initial-scale=1.0\">\r\n    <title>P\u00e1gina em Branco<\/title>\r\n    <link rel=\"stylesheet\" href=\"https:\/\/cdnjs.cloudflare.com\/ajax\/libs\/font-awesome\/6.0.0\/css\/all.min.css\">\r\n    <style>\r\n        .box {\r\n            display: flex;\r\n            flex-wrap: wrap;\r\n            gap: 20px;\r\n            margin: 45px;\r\n        }\r\n        .box h2 {\r\n            width: 100%;\r\n            color: white;\r\n            font-family: Noto Sans;\r\n            text-align: center;\r\n        }\r\n        .box ul {\r\n            display: grid;\r\n            grid-template-columns: repeat(2, 1fr);\r\n            gap: 20px;\r\n            list-style: none;\r\n            padding: 0;\r\n        }\r\n        .box li {\r\n            display: flex;\r\n            flex-direction: column;\r\n            align-items: flex-start;\r\n            font-size: 20px;\r\n            color: white;\r\n            font-family: Montserrat;\r\n        }\r\n        .box i {\r\n            font-size: 35px;\r\n            margin-right: 10px;\r\n        }\r\n        .box span {\r\n            font-weight: bold;\r\n        }\r\n        .box p {\r\n            font-size: 16px;\r\n            margin-left: 45px;\r\n            text-align: left;\r\n        }\r\n\r\n        \/* Media Query para telas menores que 768px (celulares) *\/\r\n        @media (max-width: 768px) {\r\n            .box {\r\n                margin: 20px;\r\n            }\r\n\r\n            .box ul {\r\n                grid-template-columns: 1fr; \/* Uma coluna em vez de duas *\/\r\n            }\r\n\r\n            .box h2 {\r\n                font-size: 24px;\r\n            }\r\n\r\n            .box li {\r\n                font-size: 18px; \/* Tamanho de fonte menor para melhor leitura *\/\r\n            }\r\n\r\n            .box p {\r\n                font-size: 14px;\r\n                margin-left: 30px; \/* Reduzir a margem *\/\r\n            }\r\n\r\n            .box i {\r\n                font-size: 28px; \/* Reduzir o tamanho dos \u00edcones *\/\r\n            }\r\n        }\r\n    <\/style>\r\n<\/head>\r\n<body>\r\n    <div class=\"box\">\r\n        <h2>NOSSOS VALORES<\/h2>\r\n        <ul>\r\n            <li>\r\n                <div><i class=\"fa-solid fa-check\"><\/i> <span>EXCEL\u00caNCIA<\/span><\/div>\r\n                <p>Compromisso em entregar resultados superiores com qualidade e precis\u00e3o.<\/p>\r\n            <\/li>\r\n            <li>\r\n                <div><i class=\"fa-solid fa-check\"><\/i> <span>\u00c9TICA<\/span><\/div>\r\n                <p>Atuar com integridade, responsabilidade e transpar\u00eancia em todas as atividades.<\/p>\r\n            <\/li>\r\n            <li>\r\n                <div><i class=\"fa-solid fa-check\"><\/i> <span>INOVA\u00c7\u00c3O<\/span><\/div>\r\n                <p>Buscar continuamente solu\u00e7\u00f5es criativas e eficientes para superar desafios.<\/p>\r\n            <\/li>\r\n            <li>\r\n                <div><i class=\"fa-solid fa-check\"><\/i> <span>HUMANIZA\u00c7\u00c3O<\/span><\/div>\r\n                <p>Valorizar o cuidado com as pessoas, promovendo rela\u00e7\u00f5es respeitosas e emp\u00e1ticas.<\/p>\r\n            <\/li>\r\n            <li>\r\n                <div><i class=\"fa-solid fa-check\"><\/i> <span>SUSTENTABILIDADE<\/span><\/div>\r\n                <p>Integrar pr\u00e1ticas sociais, econ\u00f4micas e ambientais na busca de resultados duradouros.<\/p>\r\n            <\/li>\r\n            <li>\r\n                <div><i class=\"fa-solid fa-check\"><\/i> <span>COMPLIANCE<\/span><\/div>\r\n                <p>Garantir conformidade com normas legais e regulat\u00f3rias, assegurando a credibilidade e confian\u00e7a de nossos parceiros.<\/p>\r\n            <\/li>\r\n        <\/ul>\r\n    <\/div>\r\n<\/body>\r\n<\/html>\r\n\t\t\t\t<\/div>\n\t\t\t\t<\/div>\n\t\t\t\t\t<\/div>\n\t\t\t\t<\/div>\n\t\t<div class=\"elementor-element elementor-element-91ca559 e-flex e-con-boxed e-con e-parent\" data-id=\"91ca559\" data-element_type=\"container\">\n\t\t\t\t\t<div class=\"e-con-inner\">\n\t\t\t\t<div class=\"elementor-element elementor-element-eb9aaad elementor-invisible elementor-widget elementor-widget-wpforms\" data-id=\"eb9aaad\" data-element_type=\"widget\" data-settings=\"{&quot;_animation&quot;:&quot;zoomIn&quot;}\" data-widget_type=\"wpforms.default\">\n\t\t\t\t<div class=\"elementor-widget-container\">\n\t\t\t\t\t<style id=\"wpforms-css-vars-elementor-widget-eb9aaad\">\n\t\t\t\t.elementor-widget-wpforms.elementor-element-eb9aaad {\n\t\t\t\t--wpforms-field-size-input-height: 43px;\n--wpforms-field-size-input-spacing: 15px;\n--wpforms-field-size-font-size: 16px;\n--wpforms-field-size-line-height: 19px;\n--wpforms-field-size-padding-h: 14px;\n--wpforms-field-size-checkbox-size: 16px;\n--wpforms-field-size-sublabel-spacing: 5px;\n--wpforms-field-size-icon-size: 1;\n--wpforms-label-size-font-size: 16px;\n--wpforms-label-size-line-height: 19px;\n--wpforms-label-size-sublabel-font-size: 14px;\n--wpforms-label-size-sublabel-line-height: 17px;\n--wpforms-button-size-font-size: 17px;\n--wpforms-button-size-height: 41px;\n--wpforms-button-size-padding-h: 15px;\n--wpforms-button-size-margin-top: 10px;\n\n\t\t\t}\n\t\t\t<\/style><div class=\"wpforms-container wpforms-container-full wpforms-render-modern\" id=\"wpforms-86\"><form id=\"wpforms-form-86\" class=\"wpforms-validate wpforms-form wpforms-ajax-form\" data-formid=\"86\" method=\"post\" enctype=\"multipart\/form-data\" action=\"\/index.php?rest_route=%2Fwp%2Fv2%2Fpages%2F16\" data-token=\"9f0fec4a6a858b07f2ed3283fdecbbcf\" data-token-time=\"1778629687\"><noscript class=\"wpforms-error-noscript\">Ative o JavaScript no seu navegador para preencher este formul\u00e1rio.<\/noscript><div class=\"wpforms-hidden\" id=\"wpforms-error-noscript\">Ative o JavaScript no seu navegador para preencher este formul\u00e1rio.<\/div><div class=\"wpforms-field-container\"><div id=\"wpforms-86-field_1-container\" class=\"wpforms-field wpforms-field-name\" data-field-id=\"1\"><label class=\"wpforms-field-label\" for=\"wpforms-86-field_1\">Nome Completo <span class=\"wpforms-required-label\" aria-hidden=\"true\">*<\/span><\/label><input type=\"text\" id=\"wpforms-86-field_1\" class=\"wpforms-field-large wpforms-field-required\" name=\"wpforms[fields][1]\" aria-errormessage=\"wpforms-86-field_1-error\" required><\/div><div id=\"wpforms-86-field_2-container\" class=\"wpforms-field wpforms-field-email\" data-field-id=\"2\"><label class=\"wpforms-field-label\" for=\"wpforms-86-field_2\">Email <span class=\"wpforms-required-label\" aria-hidden=\"true\">*<\/span><\/label><input type=\"email\" id=\"wpforms-86-field_2\" class=\"wpforms-field-large wpforms-field-required\" name=\"wpforms[fields][2]\" spellcheck=\"false\" aria-errormessage=\"wpforms-86-field_2-error\" required><\/div><div id=\"wpforms-86-field_3-container\" class=\"wpforms-field wpforms-field-textarea\" data-field-id=\"3\"><label class=\"wpforms-field-label\" for=\"wpforms-86-field_3\">Mensagem<\/label><textarea id=\"wpforms-86-field_3\" class=\"wpforms-field-medium\" name=\"wpforms[fields][3]\" aria-errormessage=\"wpforms-86-field_3-error\" ><\/textarea><\/div><\/div><!-- .wpforms-field-container --><div class=\"wpforms-submit-container\" ><input type=\"hidden\" name=\"wpforms[id]\" value=\"86\"><input type=\"hidden\" name=\"page_title\" value=\"\"><input type=\"hidden\" name=\"page_url\" value=\"https:\/\/www.admclyn.com.br\/index.php?rest_route=\/wp\/v2\/pages\/16\"><input type=\"hidden\" name=\"url_referer\" value=\"\"><button type=\"submit\" name=\"wpforms[submit]\" id=\"wpforms-submit-86\" class=\"wpforms-submit\" data-alt-text=\"Sending...\" data-submit-text=\"ENVIAR MENSAGEM\" aria-live=\"assertive\" value=\"wpforms-submit\">ENVIAR MENSAGEM<\/button><img decoding=\"async\" src=\"https:\/\/www.admclyn.com.br\/wp-content\/plugins\/wpforms-lite\/assets\/images\/submit-spin.svg\" class=\"wpforms-submit-spinner\" style=\"display: none;\" width=\"26\" height=\"26\" alt=\"Carregando\"><\/div><\/form><\/div>  <!-- .wpforms-container -->\t\t\t\t<\/div>\n\t\t\t\t<\/div>\n\t\t\t\t\t<\/div>\n\t\t\t\t<\/div>\n\t\t<div class=\"elementor-element elementor-element-0fddbe4 e-flex e-con-boxed e-con e-parent\" data-id=\"0fddbe4\" data-element_type=\"container\" data-settings=\"{&quot;background_background&quot;:&quot;gradient&quot;}\">\n\t\t\t\t\t<div class=\"e-con-inner\">\n\t\t<div class=\"elementor-element elementor-element-d3c3dc5 e-con-full e-flex e-con e-child\" data-id=\"d3c3dc5\" data-element_type=\"container\">\n\t\t<div class=\"elementor-element elementor-element-8cbfbaa e-grid e-con-full e-con e-child\" data-id=\"8cbfbaa\" data-element_type=\"container\">\n\t\t\t\t<div class=\"elementor-element elementor-element-0a9e4aa elementor-widget elementor-widget-heading\" data-id=\"0a9e4aa\" data-element_type=\"widget\" data-widget_type=\"heading.default\">\n\t\t\t\t<div class=\"elementor-widget-container\">\n\t\t\t\t\t<h2 class=\"elementor-heading-title elementor-size-default\">SIGA TAMB\u00c9M NAS REDES SOCIAIS<\/h2>\t\t\t\t<\/div>\n\t\t\t\t<\/div>\n\t\t\t\t<div class=\"elementor-element elementor-element-1dac893 elementor-widget elementor-widget-image\" data-id=\"1dac893\" data-element_type=\"widget\" data-widget_type=\"image.default\">\n\t\t\t\t<div class=\"elementor-widget-container\">\n\t\t\t\t\t\t\t\t\t\t\t\t\t\t\t<img decoding=\"async\" width=\"91\" height=\"82\" src=\"https:\/\/www.admclyn.com.br\/wp-content\/uploads\/2025\/02\/Group-1.png\" class=\"attachment-full size-full wp-image-33\" alt=\"\" \/>\t\t\t\t\t\t\t\t\t\t\t\t\t\t\t<\/div>\n\t\t\t\t<\/div>\n\t\t\t\t<div class=\"elementor-element elementor-element-2e06a07 elementor-shape-rounded elementor-grid-0 e-grid-align-center elementor-widget elementor-widget-social-icons\" data-id=\"2e06a07\" data-element_type=\"widget\" data-widget_type=\"social-icons.default\">\n\t\t\t\t<div class=\"elementor-widget-container\">\n\t\t\t\t\t\t\t<div class=\"elementor-social-icons-wrapper elementor-grid\">\n\t\t\t\t\t\t\t<span class=\"elementor-grid-item\">\n\t\t\t\t\t<a class=\"elementor-icon elementor-social-icon elementor-social-icon-facebook elementor-repeater-item-2d4fa1b\" target=\"_blank\">\n\t\t\t\t\t\t<span class=\"elementor-screen-only\">Facebook<\/span>\n\t\t\t\t\t\t<svg class=\"e-font-icon-svg e-fab-facebook\" viewBox=\"0 0 512 512\" xmlns=\"http:\/\/www.w3.org\/2000\/svg\"><path d=\"M504 256C504 119 393 8 256 8S8 119 8 256c0 123.78 90.69 226.38 209.25 245V327.69h-63V256h63v-54.64c0-62.15 37-96.48 93.67-96.48 27.14 0 55.52 4.84 55.52 4.84v61h-31.28c-30.8 0-40.41 19.12-40.41 38.73V256h68.78l-11 71.69h-57.78V501C413.31 482.38 504 379.78 504 256z\"><\/path><\/svg>\t\t\t\t\t<\/a>\n\t\t\t\t<\/span>\n\t\t\t\t\t\t\t<span class=\"elementor-grid-item\">\n\t\t\t\t\t<a class=\"elementor-icon elementor-social-icon elementor-social-icon-instagram elementor-repeater-item-ace6035\" href=\"http:\/\/instagram.com\/admclyn\/\" target=\"_blank\">\n\t\t\t\t\t\t<span class=\"elementor-screen-only\">Instagram<\/span>\n\t\t\t\t\t\t<svg class=\"e-font-icon-svg e-fab-instagram\" viewBox=\"0 0 448 512\" xmlns=\"http:\/\/www.w3.org\/2000\/svg\"><path d=\"M224.1 141c-63.6 0-114.9 51.3-114.9 114.9s51.3 114.9 114.9 114.9S339 319.5 339 255.9 287.7 141 224.1 141zm0 189.6c-41.1 0-74.7-33.5-74.7-74.7s33.5-74.7 74.7-74.7 74.7 33.5 74.7 74.7-33.6 74.7-74.7 74.7zm146.4-194.3c0 14.9-12 26.8-26.8 26.8-14.9 0-26.8-12-26.8-26.8s12-26.8 26.8-26.8 26.8 12 26.8 26.8zm76.1 27.2c-1.7-35.9-9.9-67.7-36.2-93.9-26.2-26.2-58-34.4-93.9-36.2-37-2.1-147.9-2.1-184.9 0-35.8 1.7-67.6 9.9-93.9 36.1s-34.4 58-36.2 93.9c-2.1 37-2.1 147.9 0 184.9 1.7 35.9 9.9 67.7 36.2 93.9s58 34.4 93.9 36.2c37 2.1 147.9 2.1 184.9 0 35.9-1.7 67.7-9.9 93.9-36.2 26.2-26.2 34.4-58 36.2-93.9 2.1-37 2.1-147.8 0-184.8zM398.8 388c-7.8 19.6-22.9 34.7-42.6 42.6-29.5 11.7-99.5 9-132.1 9s-102.7 2.6-132.1-9c-19.6-7.8-34.7-22.9-42.6-42.6-11.7-29.5-9-99.5-9-132.1s-2.6-102.7 9-132.1c7.8-19.6 22.9-34.7 42.6-42.6 29.5-11.7 99.5-9 132.1-9s102.7-2.6 132.1 9c19.6 7.8 34.7 22.9 42.6 42.6 11.7 29.5 9 99.5 9 132.1s2.7 102.7-9 132.1z\"><\/path><\/svg>\t\t\t\t\t<\/a>\n\t\t\t\t<\/span>\n\t\t\t\t\t<\/div>\n\t\t\t\t\t\t<\/div>\n\t\t\t\t<\/div>\n\t\t\t\t<div class=\"elementor-element elementor-element-2bbc503 elementor-widget elementor-widget-button\" data-id=\"2bbc503\" data-element_type=\"widget\" data-widget_type=\"button.default\">\n\t\t\t\t<div class=\"elementor-widget-container\">\n\t\t\t\t\t\t\t\t\t<div class=\"elementor-button-wrapper\">\n\t\t\t\t\t<a class=\"elementor-button elementor-button-link elementor-size-sm\" href=\"https:\/\/wa.me\/+5571994043430?text=Ol%C3%A1!%20Gostaria%20de%20saber%20mais%20sobre%20a%20Adm%20Clyn...\">\n\t\t\t\t\t\t<span class=\"elementor-button-content-wrapper\">\n\t\t\t\t\t\t\t\t\t<span class=\"elementor-button-text\">ATENDIMENTO POR WHATSAPP<\/span>\n\t\t\t\t\t<\/span>\n\t\t\t\t\t<\/a>\n\t\t\t\t<\/div>\n\t\t\t\t\t\t\t\t<\/div>\n\t\t\t\t<\/div>\n\t\t\t\t<\/div>\n\t\t\t\t<\/div>\n\t\t\t\t\t<\/div>\n\t\t\t\t<\/div>\n\t\t\t\t<\/div>\n\t\t","protected":false},"excerpt":{"rendered":"<p>O que \u00e9 a ADM Clyn? Somos uma equipe de profissionais altamente especializados, dedicados a transformar a gest\u00e3o em sa\u00fade. [&hellip;]<\/p>\n","protected":false},"author":1,"featured_media":0,"parent":0,"menu_order":0,"comment_status":"closed","ping_status":"closed","template":"","meta":{"site-sidebar-layout":"no-sidebar","site-content-layout":"","ast-site-content-layout":"full-width-container","site-content-style":"default","site-sidebar-style":"default","ast-global-header-display":"","ast-banner-title-visibility":"","ast-main-header-display":"","ast-hfb-above-header-display":"","ast-hfb-below-header-display":"","ast-hfb-mobile-header-display":"","site-post-title":"disabled","ast-breadcrumbs-content":"","ast-featured-img":"disabled","footer-sml-layout":"","theme-transparent-header-meta":"","adv-header-id-meta":"","stick-header-meta":"","header-above-stick-meta":"","header-main-stick-meta":"","header-below-stick-meta":"","astra-migrate-meta-layouts":"default","ast-page-background-enabled":"default","ast-page-background-meta":{"desktop":{"background-color":"var(--ast-global-color-5)","background-image":"","background-repeat":"repeat","background-position":"center center","background-size":"auto","background-attachment":"scroll","background-type":"","background-media":"","overlay-type":"","overlay-color":"","overlay-opacity":"","overlay-gradient":""},"tablet":{"background-color":"","background-image":"","background-repeat":"repeat","background-position":"center center","background-size":"auto","background-attachment":"scroll","background-type":"","background-media":"","overlay-type":"","overlay-color":"","overlay-opacity":"","overlay-gradient":""},"mobile":{"background-color":"","background-image":"","background-repeat":"repeat","background-position":"center center","background-size":"auto","background-attachment":"scroll","background-type":"","background-media":"","overlay-type":"","overlay-color":"","overlay-opacity":"","overlay-gradient":""}},"ast-content-background-meta":{"desktop":{"background-color":"var(--ast-global-color-4)","background-image":"","background-repeat":"repeat","background-position":"center center","background-size":"auto","background-attachment":"scroll","background-type":"","background-media":"","overlay-type":"","overlay-color":"","overlay-opacity":"","overlay-gradient":""},"tablet":{"background-color":"var(--ast-global-color-4)","background-image":"","background-repeat":"repeat","background-position":"center center","background-size":"auto","background-attachment":"scroll","background-type":"","background-media":"","overlay-type":"","overlay-color":"","overlay-opacity":"","overlay-gradient":""},"mobile":{"background-color":"var(--ast-global-color-4)","background-image":"","background-repeat":"repeat","background-position":"center center","background-size":"auto","background-attachment":"scroll","background-type":"","background-media":"","overlay-type":"","overlay-color":"","overlay-opacity":"","overlay-gradient":""}},"footnotes":""},"class_list":["post-16","page","type-page","status-publish","hentry"],"_links":{"self":[{"href":"https:\/\/www.admclyn.com.br\/index.php?rest_route=\/wp\/v2\/pages\/16","targetHints":{"allow":["GET"]}}],"collection":[{"href":"https:\/\/www.admclyn.com.br\/index.php?rest_route=\/wp\/v2\/pages"}],"about":[{"href":"https:\/\/www.admclyn.com.br\/index.php?rest_route=\/wp\/v2\/types\/page"}],"author":[{"embeddable":true,"href":"https:\/\/www.admclyn.com.br\/index.php?rest_route=\/wp\/v2\/users\/1"}],"replies":[{"embeddable":true,"href":"https:\/\/www.admclyn.com.br\/index.php?rest_route=%2Fwp%2Fv2%2Fcomments&post=16"}],"version-history":[{"count":43,"href":"https:\/\/www.admclyn.com.br\/index.php?rest_route=\/wp\/v2\/pages\/16\/revisions"}],"predecessor-version":[{"id":291,"href":"https:\/\/www.admclyn.com.br\/index.php?rest_route=\/wp\/v2\/pages\/16\/revisions\/291"}],"wp:attachment":[{"href":"https:\/\/www.admclyn.com.br\/index.php?rest_route=%2Fwp%2Fv2%2Fmedia&parent=16"}],"curies":[{"name":"wp","href":"https:\/\/api.w.org\/{rel}","templated":true}]}}