{"id":8,"date":"2025-02-01T10:15:52","date_gmt":"2025-02-01T13:15:52","guid":{"rendered":"http:\/\/localhost\/admclyn\/?page_id=8"},"modified":"2025-03-05T19:34:40","modified_gmt":"2025-03-05T22:34:40","slug":"inicio","status":"publish","type":"page","link":"https:\/\/www.admclyn.com.br\/","title":{"rendered":"IN\u00cdCIO"},"content":{"rendered":"\t\t<div data-elementor-type=\"wp-post\" data-elementor-id=\"8\" class=\"elementor elementor-8\">\n\t\t\t\t<div class=\"elementor-element elementor-element-8442242 e-grid e-con-boxed e-con e-parent\" data-id=\"8442242\" data-element_type=\"container\">\n\t\t\t\t\t<div class=\"e-con-inner\">\n\t\t<div class=\"elementor-element elementor-element-5e38f47 e-con-full e-flex e-con e-child\" data-id=\"5e38f47\" data-element_type=\"container\">\n\t\t\t\t<div class=\"elementor-element elementor-element-6f5fcc3 elementor-invisible elementor-widget elementor-widget-heading\" data-id=\"6f5fcc3\" data-element_type=\"widget\" data-settings=\"{&quot;_animation&quot;:&quot;fadeInLeft&quot;}\" data-widget_type=\"heading.default\">\n\t\t\t\t<div class=\"elementor-widget-container\">\n\t\t\t\t\t<h2 class=\"elementor-heading-title elementor-size-default\">BPO Financeiro e Faturamento para Cl\u00ednicas e Consult\u00f3rios M\u00e9dicos: Terceirize o financeiro e o faturamento da sua Cl\u00ednica\u200b<\/h2>\t\t\t\t<\/div>\n\t\t\t\t<\/div>\n\t\t\t\t<div class=\"elementor-element elementor-element-d974752 elementor-invisible elementor-widget elementor-widget-text-editor\" data-id=\"d974752\" data-element_type=\"widget\" data-settings=\"{&quot;_animation&quot;:&quot;fadeInLeft&quot;}\" data-widget_type=\"text-editor.default\">\n\t\t\t\t<div class=\"elementor-widget-container\">\n\t\t\t\t\t\t\t\t\t<p><span style=\"white-space-collapse: preserve;\">Delegar a gest\u00e3o financeira a especialistas pode transformar a forma como sua cl\u00ednica opera. Somos especializados em gest\u00e3o financeira no ramo m\u00e9dico!<\/span><\/p>\t\t\t\t\t\t\t\t<\/div>\n\t\t\t\t<\/div>\n\t\t<div class=\"elementor-element elementor-element-6874393 e-grid e-con-full e-con e-child\" data-id=\"6874393\" data-element_type=\"container\">\n\t\t\t\t<div class=\"elementor-element elementor-element-938a21a button-esp elementor-invisible elementor-widget elementor-widget-button\" data-id=\"938a21a\" data-element_type=\"widget\" data-settings=\"{&quot;_animation&quot;:&quot;fadeIn&quot;}\" data-widget_type=\"button.default\">\n\t\t\t\t<div class=\"elementor-widget-container\">\n\t\t\t\t\t\t\t\t\t<div class=\"elementor-button-wrapper\">\n\t\t\t\t\t<a class=\"elementor-button elementor-button-link elementor-size-sm\" href=\"https:\/\/wa.me\/+5571994043430?text=Ol%C3%A1!%20Gostaria%20de%20saber%20mais%20sobre%20a%20Adm%20Clyn...\" target=\"_blank\">\n\t\t\t\t\t\t<span class=\"elementor-button-content-wrapper\">\n\t\t\t\t\t\t\t\t\t<span class=\"elementor-button-text\">FALE COM UM ESPECIALISTA <\/span>\n\t\t\t\t\t<\/span>\n\t\t\t\t\t<\/a>\n\t\t\t\t<\/div>\n\t\t\t\t\t\t\t\t<\/div>\n\t\t\t\t<\/div>\n\t\t\t\t<\/div>\n\t\t\t\t<\/div>\n\t\t\t\t<div class=\"elementor-element elementor-element-c565e15 elementor-invisible elementor-widget elementor-widget-image\" data-id=\"c565e15\" data-element_type=\"widget\" data-settings=\"{&quot;_animation&quot;:&quot;fadeInRight&quot;}\" data-widget_type=\"image.default\">\n\t\t\t\t<div class=\"elementor-widget-container\">\n\t\t\t\t\t\t\t\t\t\t\t\t\t\t\t<img fetchpriority=\"high\" decoding=\"async\" width=\"700\" height=\"476\" src=\"https:\/\/www.admclyn.com.br\/wp-content\/uploads\/2025\/02\/Design-sem-nome-30.png\" class=\"attachment-large size-large wp-image-45\" alt=\"\" \/>\t\t\t\t\t\t\t\t\t\t\t\t\t\t\t<\/div>\n\t\t\t\t<\/div>\n\t\t\t\t\t<\/div>\n\t\t\t\t<\/div>\n\t\t<div class=\"elementor-element elementor-element-9ac611d e-flex e-con-boxed e-con e-parent\" data-id=\"9ac611d\" data-element_type=\"container\">\n\t\t\t\t\t<div class=\"e-con-inner\">\n\t\t\t\t<div class=\"elementor-element elementor-element-c6d7657 elementor-widget elementor-widget-spacer\" data-id=\"c6d7657\" data-element_type=\"widget\" data-widget_type=\"spacer.default\">\n\t\t\t\t<div class=\"elementor-widget-container\">\n\t\t\t\t\t\t\t<div class=\"elementor-spacer\">\n\t\t\t<div class=\"elementor-spacer-inner\"><\/div>\n\t\t<\/div>\n\t\t\t\t\t\t<\/div>\n\t\t\t\t<\/div>\n\t\t\t\t\t<\/div>\n\t\t\t\t<\/div>\n\t\t<div class=\"elementor-element elementor-element-b36cd3d e-flex e-con-boxed e-con e-parent\" data-id=\"b36cd3d\" data-element_type=\"container\" data-settings=\"{&quot;background_background&quot;:&quot;gradient&quot;}\">\n\t\t\t\t\t<div class=\"e-con-inner\">\n\t\t\t\t<div class=\"elementor-element elementor-element-902e298 elementor-invisible elementor-widget elementor-widget-html\" data-id=\"902e298\" data-element_type=\"widget\" data-settings=\"{&quot;_animation&quot;:&quot;bounce&quot;}\" data-widget_type=\"html.default\">\n\t\t\t\t<div class=\"elementor-widget-container\">\n\t\t\t\t\t<!DOCTYPE html>\n<html lang=\"pt-BR\">\n<head>\n  <meta charset=\"UTF-8\">\n  <meta name=\"viewport\" content=\"width=device-width, initial-scale=1.0\">\n  <title>Exemplo com Font Awesome<\/title>\n  <link rel=\"stylesheet\" href=\"https:\/\/cdnjs.cloudflare.com\/ajax\/libs\/font-awesome\/6.5.1\/css\/all.min.css\">\n  <style>\n  *{\n      margin: 0;\n      padding: 0;\n  }\n    .section-one {\n      background-color: #0A5E99;\n      min-height: 700px;\n      padding: 20px;\n      color: white;\n      text-align: center;\n      padding: 45px;\n      width: 100%;\n    }\n    \n    .section-one h1{\n        color: white;\n        font-family: Noto Sans;\n    }\n    \n    h1 {\n      font-size: 24px;\n      margin-bottom: 20px;\n      font-family: Noto Sans;\n      \n      \n    }\n    \n    \/* Container para alinhar o conte\u00fado em duas colunas *\/\n    .content-wrapper {\n      display: flex;\n      align-items: flex-start;\n      justify-content: center;\n      gap: 20px;\n      max-width: 1000px;\n      margin: 0 auto;\n    }\n    \n    \/* Conte\u00fado textual \u00e0 esquerda *\/\n    .text-content {\n      flex: 1;\n      text-align: left;\n    }\n    \n    .list {\n      display: flex;\n      flex-direction: column;\n      gap: 15px;\n    }\n    \n    .item {\n      display: flex;\n      align-items: center;\n      gap: 10px;\n      font-size: 24px;\n    }\n    \n    .icon {\n      background-color: white;\n      padding: 10px;\n      border-radius: 50%;\n      color: black;\n      width: 30px;\n      height: 30px;\n      display: flex;\n      justify-content: center;\n      align-items: center;\n      font-size: 24px;\n    }\n    \n    \/* Estilo para a imagem *\/\n    .image-content img {\n      max-width: 100%;\n      height: auto;\n      display: block;\n      margin-left: 25%;\n      \n    }\n    \n    button{\n        background-color: #131B40;\n    }\n    \n    \n    @media (max-width: 480px) {\n    .image-content img {\n      display: none;\n    }\n}\n  <\/style>\n<\/head>\n<body>\n  <div class=\"section-one\">\n    <h1>QUAIS S\u00c3O AS VANTAGENS DE TERCEIRIZAR A GEST\u00c3O?<\/h1>\n    <div class=\"content-wrapper\">\n      <div class=\"text-content\">\n        <div class=\"list\">\n          <div class=\"item\">\n            <span class=\"icon\"><i class=\"fa-solid fa-1\"><\/i><\/span> Reduza seus custos operacionais\n          <\/div>\n          <div class=\"item\">\n            <span class=\"icon\"><i class=\"fa-solid fa-2\"><\/i><\/span> Aumente sua rentabilidade\n          <\/div>\n          <div class=\"item\">\n            <span class=\"icon\"><i class=\"fa-solid fa-3\"><\/i><\/span> Controle total sobre o financeiro\n          <\/div>\n          <div class=\"item\">\n            <span class=\"icon\"><i class=\"fa-solid fa-4\"><\/i><\/span> Controle total sobre faturamento, reajustes, glosas e recursos\n          <\/div>\n          <div class=\"item\">\n            <span class=\"icon\"><i class=\"fa-solid fa-5\"><\/i><\/span> Aumento de produtividade por meio de credenciamento e parcerias equivalentes\n          <\/div>\n        <\/div>\n      <\/div>\n      <div class=\"image-content\">\n        <img decoding=\"async\" src=\"https:\/\/www.admclyn.com.br\/wp-content\/uploads\/2025\/02\/Design-sem-nome-31-1.png\" alt=\"Imagem ilustrativa\" width=\"500\">\n      <\/div>\n     \n     <script>\n         function acessar(){\n            window.open(\"https:\/\/wa.me\/+5571994043430?text=Ol%C3%A1!%20Gostaria%20de%20saber%20mais%20sobre%20a%20Adm%20Clyn...\", \"_blank\");\n         }\n     <\/script>\n    <\/div>\n     <button type=\"button\" onclick=\"acessar()\" >TERCEIRIZAR AGORA<\/button>\n  <\/div>\n  \n<\/body>\n<\/html>\n\t\t\t\t<\/div>\n\t\t\t\t<\/div>\n\t\t\t\t\t<\/div>\n\t\t\t\t<\/div>\n\t\t<div class=\"elementor-element elementor-element-47cddca e-flex e-con-boxed e-con e-parent\" data-id=\"47cddca\" data-element_type=\"container\">\n\t\t\t\t\t<div class=\"e-con-inner\">\n\t\t<div class=\"elementor-element elementor-element-2f1014b e-con-full e-flex e-con e-child\" data-id=\"2f1014b\" data-element_type=\"container\">\n\t\t<div class=\"elementor-element elementor-element-6586f62 e-grid e-con-full e-con e-child\" data-id=\"6586f62\" data-element_type=\"container\">\n\t\t\t\t<div class=\"elementor-element elementor-element-469aa18 elementor-invisible elementor-widget elementor-widget-image\" data-id=\"469aa18\" data-element_type=\"widget\" data-settings=\"{&quot;_animation&quot;:&quot;fadeInLeft&quot;,&quot;_animation_delay&quot;:5}\" data-widget_type=\"image.default\">\n\t\t\t\t<div class=\"elementor-widget-container\">\n\t\t\t\t\t\t\t\t\t\t\t\t\t\t\t<img decoding=\"async\" width=\"624\" height=\"511\" src=\"https:\/\/www.admclyn.com.br\/wp-content\/uploads\/2025\/02\/Group-2.png\" class=\"attachment-large size-large wp-image-78\" alt=\"\" \/>\t\t\t\t\t\t\t\t\t\t\t\t\t\t\t<\/div>\n\t\t\t\t<\/div>\n\t\t<div class=\"elementor-element elementor-element-ed446bc e-grid e-con-full e-con e-child\" data-id=\"ed446bc\" data-element_type=\"container\">\n\t\t\t\t<div class=\"elementor-element elementor-element-f91e277 elementor-invisible elementor-widget elementor-widget-heading\" data-id=\"f91e277\" data-element_type=\"widget\" data-settings=\"{&quot;_animation&quot;:&quot;fadeInRight&quot;,&quot;_animation_delay&quot;:5}\" data-widget_type=\"heading.default\">\n\t\t\t\t<div class=\"elementor-widget-container\">\n\t\t\t\t\t<h2 class=\"elementor-heading-title elementor-size-default\">ADM Clyn: um pouco sobre nossa hist\u00f3ria...<\/h2>\t\t\t\t<\/div>\n\t\t\t\t<\/div>\n\t\t\t\t<div class=\"elementor-element elementor-element-2bfae25 elementor-invisible elementor-widget elementor-widget-text-editor\" data-id=\"2bfae25\" data-element_type=\"widget\" data-settings=\"{&quot;_animation&quot;:&quot;fadeIn&quot;,&quot;_animation_delay&quot;:5}\" data-widget_type=\"text-editor.default\">\n\t\t\t\t<div class=\"elementor-widget-container\">\n\t\t\t\t\t\t\t\t\t<p>A hist\u00f3ria da AdmClyn \u00e9 marcada por uma profunda compreens\u00e3o das necessidades de cl\u00ednicas e consult\u00f3rios de pequeno e m\u00e9dio porte, aliada ao compromisso de trazer solu\u00e7\u00f5es pr\u00e1ticas e eficientes. Fundada com o prop\u00f3sito de preencher uma lacuna no mercado, a empresa nasceu para oferecer suporte estrat\u00e9gico em faturamento m\u00e9dico e gest\u00e3o financeira, frequentemente ofertadas por profissionais incapacitados. Guiada por valores como inova\u00e7\u00e3o, confian\u00e7a, efici\u00eancia e dedica\u00e7\u00e3o, a AdmClyn acredita no impacto transformador de uma gest\u00e3o administrativa bem estruturada, permitindo que seus clientes se concentrem no essencial: proporcionar sa\u00fade e bem-estar aos pacientes.<\/p>\t\t\t\t\t\t\t\t<\/div>\n\t\t\t\t<\/div>\n\t\t\t\t<\/div>\n\t\t\t\t<\/div>\n\t\t\t\t<\/div>\n\t\t\t\t\t<\/div>\n\t\t\t\t<\/div>\n\t\t<div class=\"elementor-element elementor-element-a7fd19c e-flex e-con-boxed e-con e-parent\" data-id=\"a7fd19c\" data-element_type=\"container\">\n\t\t\t\t\t<div class=\"e-con-inner\">\n\t\t\t\t<div class=\"elementor-element elementor-element-65a25ba elementor-widget__width-initial elementor-invisible elementor-widget elementor-widget-wpforms\" data-id=\"65a25ba\" data-element_type=\"widget\" data-settings=\"{&quot;_animation&quot;:&quot;bounceIn&quot;,&quot;_animation_delay&quot;:8}\" data-widget_type=\"wpforms.default\">\n\t\t\t\t<div class=\"elementor-widget-container\">\n\t\t\t\t\t<style id=\"wpforms-css-vars-elementor-widget-65a25ba\">\n\t\t\t\t.elementor-widget-wpforms.elementor-element-65a25ba {\n\t\t\t\t--wpforms-field-size-input-height: 43px;\n--wpforms-field-size-input-spacing: 15px;\n--wpforms-field-size-font-size: 16px;\n--wpforms-field-size-line-height: 19px;\n--wpforms-field-size-padding-h: 14px;\n--wpforms-field-size-checkbox-size: 16px;\n--wpforms-field-size-sublabel-spacing: 5px;\n--wpforms-field-size-icon-size: 1;\n--wpforms-label-size-font-size: 16px;\n--wpforms-label-size-line-height: 19px;\n--wpforms-label-size-sublabel-font-size: 14px;\n--wpforms-label-size-sublabel-line-height: 17px;\n--wpforms-button-size-font-size: 17px;\n--wpforms-button-size-height: 41px;\n--wpforms-button-size-padding-h: 15px;\n--wpforms-button-size-margin-top: 10px;\n\n\t\t\t}\n\t\t\t<\/style><div class=\"wpforms-container wpforms-container-full wpforms-render-modern\" id=\"wpforms-86\"><form id=\"wpforms-form-86\" class=\"wpforms-validate wpforms-form wpforms-ajax-form\" data-formid=\"86\" method=\"post\" enctype=\"multipart\/form-data\" action=\"\/index.php?rest_route=%2Fwp%2Fv2%2Fpages%2F8\" data-token=\"9f0fec4a6a858b07f2ed3283fdecbbcf\" data-token-time=\"1778626581\"><noscript class=\"wpforms-error-noscript\">Ative o JavaScript no seu navegador para preencher este formul\u00e1rio.<\/noscript><div class=\"wpforms-hidden\" id=\"wpforms-error-noscript\">Ative o JavaScript no seu navegador para preencher este formul\u00e1rio.<\/div><div class=\"wpforms-field-container\"><div id=\"wpforms-86-field_1-container\" class=\"wpforms-field wpforms-field-name\" data-field-id=\"1\"><label class=\"wpforms-field-label\" for=\"wpforms-86-field_1\">Nome Completo <span class=\"wpforms-required-label\" aria-hidden=\"true\">*<\/span><\/label><input type=\"text\" id=\"wpforms-86-field_1\" class=\"wpforms-field-large wpforms-field-required\" name=\"wpforms[fields][1]\" aria-errormessage=\"wpforms-86-field_1-error\" required><\/div><div id=\"wpforms-86-field_2-container\" class=\"wpforms-field wpforms-field-email\" data-field-id=\"2\"><label class=\"wpforms-field-label\" for=\"wpforms-86-field_2\">Email <span class=\"wpforms-required-label\" aria-hidden=\"true\">*<\/span><\/label><input type=\"email\" id=\"wpforms-86-field_2\" class=\"wpforms-field-large wpforms-field-required\" name=\"wpforms[fields][2]\" spellcheck=\"false\" aria-errormessage=\"wpforms-86-field_2-error\" required><\/div><div id=\"wpforms-86-field_3-container\" class=\"wpforms-field wpforms-field-textarea\" data-field-id=\"3\"><label class=\"wpforms-field-label\" for=\"wpforms-86-field_3\">Mensagem<\/label><textarea id=\"wpforms-86-field_3\" class=\"wpforms-field-medium\" name=\"wpforms[fields][3]\" aria-errormessage=\"wpforms-86-field_3-error\" ><\/textarea><\/div><\/div><!-- .wpforms-field-container --><div class=\"wpforms-submit-container\" ><input type=\"hidden\" name=\"wpforms[id]\" value=\"86\"><input type=\"hidden\" name=\"page_title\" value=\"\"><input type=\"hidden\" name=\"page_url\" value=\"https:\/\/www.admclyn.com.br\/index.php?rest_route=\/wp\/v2\/pages\/8\"><input type=\"hidden\" name=\"url_referer\" value=\"\"><button type=\"submit\" name=\"wpforms[submit]\" id=\"wpforms-submit-86\" class=\"wpforms-submit\" data-alt-text=\"Sending...\" data-submit-text=\"ENVIAR MENSAGEM\" aria-live=\"assertive\" value=\"wpforms-submit\">ENVIAR MENSAGEM<\/button><img decoding=\"async\" src=\"https:\/\/www.admclyn.com.br\/wp-content\/plugins\/wpforms-lite\/assets\/images\/submit-spin.svg\" class=\"wpforms-submit-spinner\" style=\"display: none;\" width=\"26\" height=\"26\" alt=\"Carregando\"><\/div><\/form><\/div>  <!-- .wpforms-container -->\t\t\t\t<\/div>\n\t\t\t\t<\/div>\n\t\t\t\t\t<\/div>\n\t\t\t\t<\/div>\n\t\t<div class=\"elementor-element elementor-element-5ee95ad e-flex e-con-boxed e-con e-parent\" data-id=\"5ee95ad\" data-element_type=\"container\" data-settings=\"{&quot;background_background&quot;:&quot;gradient&quot;}\">\n\t\t\t\t\t<div class=\"e-con-inner\">\n\t\t<div class=\"elementor-element elementor-element-8d78790 e-con-full e-flex e-con e-child\" data-id=\"8d78790\" data-element_type=\"container\">\n\t\t<div class=\"elementor-element elementor-element-a482c10 e-grid e-con-full e-con e-child\" data-id=\"a482c10\" data-element_type=\"container\">\n\t\t\t\t<div class=\"elementor-element elementor-element-72fee70 elementor-widget elementor-widget-heading\" data-id=\"72fee70\" data-element_type=\"widget\" data-widget_type=\"heading.default\">\n\t\t\t\t<div class=\"elementor-widget-container\">\n\t\t\t\t\t<h2 class=\"elementor-heading-title elementor-size-default\">SIGA TAMB\u00c9M NAS REDES SOCIAIS<\/h2>\t\t\t\t<\/div>\n\t\t\t\t<\/div>\n\t\t\t\t<div class=\"elementor-element elementor-element-26dfea0 elementor-widget elementor-widget-image\" data-id=\"26dfea0\" data-element_type=\"widget\" data-widget_type=\"image.default\">\n\t\t\t\t<div class=\"elementor-widget-container\">\n\t\t\t\t\t\t\t\t\t\t\t\t\t\t\t<img loading=\"lazy\" decoding=\"async\" width=\"91\" height=\"82\" src=\"https:\/\/www.admclyn.com.br\/wp-content\/uploads\/2025\/02\/Group-1.png\" class=\"attachment-full size-full wp-image-33\" alt=\"\" \/>\t\t\t\t\t\t\t\t\t\t\t\t\t\t\t<\/div>\n\t\t\t\t<\/div>\n\t\t\t\t<div class=\"elementor-element elementor-element-d1ed724 elementor-shape-rounded elementor-grid-0 e-grid-align-center elementor-widget elementor-widget-social-icons\" data-id=\"d1ed724\" data-element_type=\"widget\" data-widget_type=\"social-icons.default\">\n\t\t\t\t<div class=\"elementor-widget-container\">\n\t\t\t\t\t\t\t<div class=\"elementor-social-icons-wrapper elementor-grid\">\n\t\t\t\t\t\t\t<span class=\"elementor-grid-item\">\n\t\t\t\t\t<a class=\"elementor-icon elementor-social-icon elementor-social-icon-facebook elementor-repeater-item-2d4fa1b\" target=\"_blank\">\n\t\t\t\t\t\t<span class=\"elementor-screen-only\">Facebook<\/span>\n\t\t\t\t\t\t<svg class=\"e-font-icon-svg e-fab-facebook\" viewBox=\"0 0 512 512\" xmlns=\"http:\/\/www.w3.org\/2000\/svg\"><path d=\"M504 256C504 119 393 8 256 8S8 119 8 256c0 123.78 90.69 226.38 209.25 245V327.69h-63V256h63v-54.64c0-62.15 37-96.48 93.67-96.48 27.14 0 55.52 4.84 55.52 4.84v61h-31.28c-30.8 0-40.41 19.12-40.41 38.73V256h68.78l-11 71.69h-57.78V501C413.31 482.38 504 379.78 504 256z\"><\/path><\/svg>\t\t\t\t\t<\/a>\n\t\t\t\t<\/span>\n\t\t\t\t\t\t\t<span class=\"elementor-grid-item\">\n\t\t\t\t\t<a class=\"elementor-icon elementor-social-icon elementor-social-icon-instagram elementor-repeater-item-90b59e3\" href=\"http:\/\/instagram.com\/admclyn\/\" target=\"_blank\">\n\t\t\t\t\t\t<span class=\"elementor-screen-only\">Instagram<\/span>\n\t\t\t\t\t\t<svg class=\"e-font-icon-svg e-fab-instagram\" viewBox=\"0 0 448 512\" xmlns=\"http:\/\/www.w3.org\/2000\/svg\"><path d=\"M224.1 141c-63.6 0-114.9 51.3-114.9 114.9s51.3 114.9 114.9 114.9S339 319.5 339 255.9 287.7 141 224.1 141zm0 189.6c-41.1 0-74.7-33.5-74.7-74.7s33.5-74.7 74.7-74.7 74.7 33.5 74.7 74.7-33.6 74.7-74.7 74.7zm146.4-194.3c0 14.9-12 26.8-26.8 26.8-14.9 0-26.8-12-26.8-26.8s12-26.8 26.8-26.8 26.8 12 26.8 26.8zm76.1 27.2c-1.7-35.9-9.9-67.7-36.2-93.9-26.2-26.2-58-34.4-93.9-36.2-37-2.1-147.9-2.1-184.9 0-35.8 1.7-67.6 9.9-93.9 36.1s-34.4 58-36.2 93.9c-2.1 37-2.1 147.9 0 184.9 1.7 35.9 9.9 67.7 36.2 93.9s58 34.4 93.9 36.2c37 2.1 147.9 2.1 184.9 0 35.9-1.7 67.7-9.9 93.9-36.2 26.2-26.2 34.4-58 36.2-93.9 2.1-37 2.1-147.8 0-184.8zM398.8 388c-7.8 19.6-22.9 34.7-42.6 42.6-29.5 11.7-99.5 9-132.1 9s-102.7 2.6-132.1-9c-19.6-7.8-34.7-22.9-42.6-42.6-11.7-29.5-9-99.5-9-132.1s-2.6-102.7 9-132.1c7.8-19.6 22.9-34.7 42.6-42.6 29.5-11.7 99.5-9 132.1-9s102.7-2.6 132.1 9c19.6 7.8 34.7 22.9 42.6 42.6 11.7 29.5 9 99.5 9 132.1s2.7 102.7-9 132.1z\"><\/path><\/svg>\t\t\t\t\t<\/a>\n\t\t\t\t<\/span>\n\t\t\t\t\t<\/div>\n\t\t\t\t\t\t<\/div>\n\t\t\t\t<\/div>\n\t\t\t\t<div class=\"elementor-element elementor-element-a96cdab elementor-widget elementor-widget-button\" data-id=\"a96cdab\" data-element_type=\"widget\" data-widget_type=\"button.default\">\n\t\t\t\t<div class=\"elementor-widget-container\">\n\t\t\t\t\t\t\t\t\t<div class=\"elementor-button-wrapper\">\n\t\t\t\t\t<a class=\"elementor-button elementor-button-link elementor-size-sm\" href=\"https:\/\/wa.me\/+5571994043430?text=Ol%C3%A1!%20Gostaria%20de%20saber%20mais%20sobre%20a%20Adm%20Clyn...\">\n\t\t\t\t\t\t<span class=\"elementor-button-content-wrapper\">\n\t\t\t\t\t\t\t\t\t<span class=\"elementor-button-text\">ATENDIMENTO POR WHATSAPP<\/span>\n\t\t\t\t\t<\/span>\n\t\t\t\t\t<\/a>\n\t\t\t\t<\/div>\n\t\t\t\t\t\t\t\t<\/div>\n\t\t\t\t<\/div>\n\t\t\t\t<\/div>\n\t\t\t\t<\/div>\n\t\t\t\t\t<\/div>\n\t\t\t\t<\/div>\n\t\t\t\t<\/div>\n\t\t","protected":false},"excerpt":{"rendered":"<p>BPO Financeiro e Faturamento para Cl\u00ednicas e Consult\u00f3rios M\u00e9dicos: Terceirize o financeiro e o faturamento da sua Cl\u00ednica\u200b Delegar a [&hellip;]<\/p>\n","protected":false},"author":1,"featured_media":0,"parent":0,"menu_order":0,"comment_status":"closed","ping_status":"closed","template":"","meta":{"site-sidebar-layout":"no-sidebar","site-content-layout":"","ast-site-content-layout":"full-width-container","site-content-style":"default","site-sidebar-style":"default","ast-global-header-display":"","ast-banner-title-visibility":"","ast-main-header-display":"","ast-hfb-above-header-display":"","ast-hfb-below-header-display":"","ast-hfb-mobile-header-display":"","site-post-title":"disabled","ast-breadcrumbs-content":"","ast-featured-img":"disabled","footer-sml-layout":"","theme-transparent-header-meta":"","adv-header-id-meta":"","stick-header-meta":"","header-above-stick-meta":"","header-main-stick-meta":"","header-below-stick-meta":"","astra-migrate-meta-layouts":"default","ast-page-background-enabled":"default","ast-page-background-meta":{"desktop":{"background-color":"var(--ast-global-color-5)","background-image":"","background-repeat":"repeat","background-position":"center center","background-size":"auto","background-attachment":"scroll","background-type":"","background-media":"","overlay-type":"","overlay-color":"","overlay-opacity":"","overlay-gradient":""},"tablet":{"background-color":"","background-image":"","background-repeat":"repeat","background-position":"center center","background-size":"auto","background-attachment":"scroll","background-type":"","background-media":"","overlay-type":"","overlay-color":"","overlay-opacity":"","overlay-gradient":""},"mobile":{"background-color":"","background-image":"","background-repeat":"repeat","background-position":"center center","background-size":"auto","background-attachment":"scroll","background-type":"","background-media":"","overlay-type":"","overlay-color":"","overlay-opacity":"","overlay-gradient":""}},"ast-content-background-meta":{"desktop":{"background-color":"var(--ast-global-color-4)","background-image":"","background-repeat":"repeat","background-position":"center center","background-size":"auto","background-attachment":"scroll","background-type":"","background-media":"","overlay-type":"","overlay-color":"","overlay-opacity":"","overlay-gradient":""},"tablet":{"background-color":"var(--ast-global-color-4)","background-image":"","background-repeat":"repeat","background-position":"center center","background-size":"auto","background-attachment":"scroll","background-type":"","background-media":"","overlay-type":"","overlay-color":"","overlay-opacity":"","overlay-gradient":""},"mobile":{"background-color":"var(--ast-global-color-4)","background-image":"","background-repeat":"repeat","background-position":"center center","background-size":"auto","background-attachment":"scroll","background-type":"","background-media":"","overlay-type":"","overlay-color":"","overlay-opacity":"","overlay-gradient":""}},"footnotes":""},"class_list":["post-8","page","type-page","status-publish","hentry"],"_links":{"self":[{"href":"https:\/\/www.admclyn.com.br\/index.php?rest_route=\/wp\/v2\/pages\/8","targetHints":{"allow":["GET"]}}],"collection":[{"href":"https:\/\/www.admclyn.com.br\/index.php?rest_route=\/wp\/v2\/pages"}],"about":[{"href":"https:\/\/www.admclyn.com.br\/index.php?rest_route=\/wp\/v2\/types\/page"}],"author":[{"embeddable":true,"href":"https:\/\/www.admclyn.com.br\/index.php?rest_route=\/wp\/v2\/users\/1"}],"replies":[{"embeddable":true,"href":"https:\/\/www.admclyn.com.br\/index.php?rest_route=%2Fwp%2Fv2%2Fcomments&post=8"}],"version-history":[{"count":108,"href":"https:\/\/www.admclyn.com.br\/index.php?rest_route=\/wp\/v2\/pages\/8\/revisions"}],"predecessor-version":[{"id":320,"href":"https:\/\/www.admclyn.com.br\/index.php?rest_route=\/wp\/v2\/pages\/8\/revisions\/320"}],"wp:attachment":[{"href":"https:\/\/www.admclyn.com.br\/index.php?rest_route=%2Fwp%2Fv2%2Fmedia&parent=8"}],"curies":[{"name":"wp","href":"https:\/\/api.w.org\/{rel}","templated":true}]}}